{"id":3144,"date":"2024-09-13T10:36:33","date_gmt":"2024-09-13T08:36:33","guid":{"rendered":"https:\/\/www.surveyrewards.me\/%d8%aa%d8%b3%d8%ac%d9%8a%d9%84-%d8%a7%d9%84%d8%af%d8%ae%d9%88%d9%84\/"},"modified":"2025-12-04T09:41:41","modified_gmt":"2025-12-04T08:41:41","slug":"login","status":"publish","type":"page","link":"https:\/\/www.surveyrewards.me\/ar-dz\/login\/","title":{"rendered":"Login"},"content":{"rendered":"\n<div class=\"wp-block-uagb-container uagb-block-18c811e7 alignfull uagb-is-root-container\"><div class=\"uagb-container-inner-blocks-wrap\">\n<p class=\"has-ast-global-color-7-background-color has-background\">\u0645\u0631\u062d\u0628\u064b\u0627 \u0628\u0643\u0645. \u0641\u064a \u0627\u0644\u062c\u0632\u0627\u0626\u0631\u060c \u0646\u0642\u062f\u0645 \u0628\u0648\u0627\u0628\u062a\u064a\u0646 \u0645\u062e\u062a\u0644\u0641\u062a\u064a\u0646 \u0648\u0645\u0633\u062a\u0642\u0644\u062a\u064a\u0646 \u0644\u0644\u0639\u0645\u0644\u0627\u0621 &#8211; \u0628\u0627\u0644\u0644\u063a\u062a\u064a\u0646 \u0627\u0644\u0639\u0631\u0628\u064a\u0629 \u0648\u0627\u0644\u0641\u0631\u0646\u0633\u064a\u0629.<br>\u0627\u062e\u062a\u0631 \u062d\u0633\u0627\u0628 \u0627\u0644\u0639\u0645\u064a\u0644 \u0627\u0644\u0630\u064a \u0642\u0645\u062a \u0628\u062a\u0633\u062c\u064a\u0644\u0647 \u0623\u062f\u0646\u0627\u0647.<br><br>Bienvenue. En Alg\u00e9rie, nous proposons deux portails clients distincts et ind\u00e9pendants, en arabe et en fran\u00e7ais.<br>S\u00e9lectionnez ci-dessous le compte client avec lequel vous vous \u00eates inscrit.<\/p>\n\n\n\n<p class=\"has-ast-global-color-5-color has-ast-global-color-1-background-color has-text-color has-background has-link-color wp-elements-9b2890e554e3e8a33c96925662e07235\">\u0627\u0646\u0642\u0631 \u0647\u0646\u0627 \u0644\u0644\u0648\u0635\u0648\u0644 \u0625\u0644\u0649 \u062d\u0633\u0627\u0628 \u0627\u0644\u0639\u0645\u064a\u0644 \u0628\u0627\u0644\u0644\u063a\u0629 \u0627\u0644\u0639\u0631\u0628\u064a\u0629 \u0644\u0644\u062c\u0632\u0627\u0626\u0631:<br><a href=\"https:\/\/www.surveyrewards.me\/ar-dz\/login-arabic\/\">https:\/\/www.surveyrewards.me\/ar-dz\/login-arabic<\/a><\/p>\n\n\n\n<p class=\"has-ast-global-color-5-color has-ast-global-color-1-background-color has-text-color has-background has-link-color wp-elements-ccb91b6a678798c0e63297da4a80e1e7\">Cliquez ici pour acc\u00e9der au compte client fran\u00e7ais pour l&#8217;Alg\u00e9rie :<br><a href=\"https:\/\/www.surveyrewards.me\/ar-dz\/login-french\/\">https:\/\/www.surveyrewards.me\/ar-dz\/login-french<\/a><\/p>\n<\/div><\/div>\n","protected":false},"excerpt":{"rendered":"<p>\u0645\u0631\u062d\u0628\u064b\u0627 \u0628\u0643\u0645. \u0641\u064a \u0627\u0644\u062c\u0632\u0627\u0626\u0631\u060c \u0646\u0642\u062f\u0645 \u0628\u0648\u0627\u0628\u062a\u064a\u0646 \u0645\u062e\u062a\u0644\u0641\u062a\u064a\u0646 \u0648\u0645\u0633\u062a\u0642\u0644\u062a\u064a\u0646 \u0644\u0644\u0639\u0645\u0644\u0627\u0621 &#8211; \u0628\u0627\u0644\u0644\u063a\u062a\u064a\u0646 \u0627\u0644\u0639\u0631\u0628\u064a\u0629 \u0648\u0627\u0644\u0641\u0631\u0646\u0633\u064a\u0629.\u0627\u062e\u062a\u0631 \u062d\u0633\u0627\u0628 \u0627\u0644\u0639\u0645\u064a\u0644 \u0627\u0644\u0630\u064a \u0642\u0645\u062a \u0628\u062a\u0633\u062c\u064a\u0644\u0647 \u0623\u062f\u0646\u0627\u0647. Bienvenue. En Alg\u00e9rie, nous proposons deux portails clients distincts et ind\u00e9pendants, en arabe et en fran\u00e7ais.S\u00e9lectionnez ci-dessous le compte client avec lequel vous vous \u00eates inscrit. \u0627\u0646\u0642\u0631 \u0647\u0646\u0627 \u0644\u0644\u0648\u0635\u0648\u0644 \u0625\u0644\u0649 \u062d\u0633\u0627\u0628 \u0627\u0644\u0639\u0645\u064a\u0644 \u0628\u0627\u0644\u0644\u063a\u0629 \u0627\u0644\u0639\u0631\u0628\u064a\u0629 \u0644\u0644\u062c\u0632\u0627\u0626\u0631:https:\/\/www.surveyrewards.me\/ar-dz\/login-arabic Cliquez [&hellip;]<\/p>\n","protected":false},"author":1,"featured_media":0,"parent":0,"menu_order":0,"comment_status":"closed","ping_status":"closed","template":"","meta":{"_uag_custom_page_level_css":"","site-sidebar-layout":"no-sidebar","site-content-layout":"","ast-site-content-layout":"normal-width-container","site-content-style":"unboxed","site-sidebar-style":"default","ast-global-header-display":"","ast-banner-title-visibility":"","ast-main-header-display":"","ast-hfb-above-header-display":"","ast-hfb-below-header-display":"","ast-hfb-mobile-header-display":"","site-post-title":"disabled","ast-breadcrumbs-content":"","ast-featured-img":"","footer-sml-layout":"","ast-disable-related-posts":"","theme-transparent-header-meta":"","adv-header-id-meta":"","stick-header-meta":"","header-above-stick-meta":"","header-main-stick-meta":"","header-below-stick-meta":"","astra-migrate-meta-layouts":"set","ast-page-background-enabled":"default","ast-page-background-meta":{"desktop":{"background-color":"","background-image":"","background-repeat":"repeat","background-position":"center center","background-size":"auto","background-attachment":"scroll","background-type":"","background-media":"","overlay-type":"","overlay-color":"","overlay-opacity":"","overlay-gradient":""},"tablet":{"background-color":"","background-image":"","background-repeat":"repeat","background-position":"center center","background-size":"auto","background-attachment":"scroll","background-type":"","background-media":"","overlay-type":"","overlay-color":"","overlay-opacity":"","overlay-gradient":""},"mobile":{"background-color":"","background-image":"","background-repeat":"repeat","background-position":"center center","background-size":"auto","background-attachment":"scroll","background-type":"","background-media":"","overlay-type":"","overlay-color":"","overlay-opacity":"","overlay-gradient":""}},"ast-content-background-meta":{"desktop":{"background-color":"var(--ast-global-color-5)","background-image":"","background-repeat":"repeat","background-position":"center center","background-size":"auto","background-attachment":"scroll","background-type":"","background-media":"","overlay-type":"","overlay-color":"","overlay-opacity":"","overlay-gradient":""},"tablet":{"background-color":"var(--ast-global-color-5)","background-image":"","background-repeat":"repeat","background-position":"center center","background-size":"auto","background-attachment":"scroll","background-type":"","background-media":"","overlay-type":"","overlay-color":"","overlay-opacity":"","overlay-gradient":""},"mobile":{"background-color":"var(--ast-global-color-5)","background-image":"","background-repeat":"repeat","background-position":"center center","background-size":"auto","background-attachment":"scroll","background-type":"","background-media":"","overlay-type":"","overlay-color":"","overlay-opacity":"","overlay-gradient":""}},"footnotes":""},"class_list":["post-3144","page","type-page","status-publish","hentry"],"yoast_head":"<!-- This site is optimized with the Yoast SEO plugin v27.5 - https:\/\/yoast.com\/product\/yoast-seo-wordpress\/ -->\n<title>Login - SurveyRewards<\/title>\n<meta name=\"description\" content=\"Login to SurveyRewards. Get rewards for your opinions. Earn money with online surveys. SurveyRewards for your extra income.\" \/>\n<meta name=\"robots\" content=\"noindex, follow\" \/>\n<meta property=\"og:locale\" content=\"ar_AR\" \/>\n<meta property=\"og:type\" content=\"article\" \/>\n<meta property=\"og:title\" content=\"Login - SurveyRewards\" \/>\n<meta property=\"og:description\" content=\"Login to SurveyRewards. Get rewards for your opinions. Earn money with online surveys. SurveyRewards for your extra income.\" \/>\n<meta property=\"og:url\" content=\"https:\/\/www.surveyrewards.me\/ar-dz\/login\/\" \/>\n<meta property=\"og:site_name\" content=\"SurveyRewards\" \/>\n<meta property=\"article:publisher\" content=\"https:\/\/www.facebook.com\/surveyrewards\/\" \/>\n<meta property=\"article:modified_time\" content=\"2025-12-04T08:41:41+00:00\" \/>\n<meta name=\"twitter:card\" content=\"summary_large_image\" \/>\n<meta name=\"twitter:label1\" content=\"Est. reading time\" \/>\n\t<meta name=\"twitter:data1\" content=\"1 minute\" \/>\n<script type=\"application\/ld+json\" class=\"yoast-schema-graph\">{\"@context\":\"https:\\\/\\\/schema.org\",\"@graph\":[{\"@type\":\"WebPage\",\"@id\":\"https:\\\/\\\/www.surveyrewards.me\\\/ar-dz\\\/login\\\/\",\"url\":\"https:\\\/\\\/www.surveyrewards.me\\\/ar-dz\\\/login\\\/\",\"name\":\"Login - SurveyRewards\",\"isPartOf\":{\"@id\":\"https:\\\/\\\/www.surveyrewards.me\\\/ar-dz\\\/#website\"},\"datePublished\":\"2024-09-13T08:36:33+00:00\",\"dateModified\":\"2025-12-04T08:41:41+00:00\",\"description\":\"Login to SurveyRewards. Get rewards for your opinions. Earn money with online surveys. SurveyRewards for your extra income.\",\"breadcrumb\":{\"@id\":\"https:\\\/\\\/www.surveyrewards.me\\\/ar-dz\\\/login\\\/#breadcrumb\"},\"inLanguage\":\"ar-DZ\",\"potentialAction\":[{\"@type\":\"ReadAction\",\"target\":[\"https:\\\/\\\/www.surveyrewards.me\\\/ar-dz\\\/login\\\/\"]}]},{\"@type\":\"BreadcrumbList\",\"@id\":\"https:\\\/\\\/www.surveyrewards.me\\\/ar-dz\\\/login\\\/#breadcrumb\",\"itemListElement\":[{\"@type\":\"ListItem\",\"position\":1,\"name\":\"Home\",\"item\":\"https:\\\/\\\/www.surveyrewards.me\\\/ar-dz\\\/\"},{\"@type\":\"ListItem\",\"position\":2,\"name\":\"Login\"}]},{\"@type\":\"WebSite\",\"@id\":\"https:\\\/\\\/www.surveyrewards.me\\\/ar-dz\\\/#website\",\"url\":\"https:\\\/\\\/www.surveyrewards.me\\\/ar-dz\\\/\",\"name\":\"SurveyRewards\",\"description\":\"Turning your opinions into rewards\",\"publisher\":{\"@id\":\"https:\\\/\\\/www.surveyrewards.me\\\/ar-dz\\\/#organization\"},\"potentialAction\":[{\"@type\":\"SearchAction\",\"target\":{\"@type\":\"EntryPoint\",\"urlTemplate\":\"https:\\\/\\\/www.surveyrewards.me\\\/ar-dz\\\/?s={search_term_string}\"},\"query-input\":{\"@type\":\"PropertyValueSpecification\",\"valueRequired\":true,\"valueName\":\"search_term_string\"}}],\"inLanguage\":\"ar-DZ\"},{\"@type\":\"Organization\",\"@id\":\"https:\\\/\\\/www.surveyrewards.me\\\/ar-dz\\\/#organization\",\"name\":\"SurveyRewards\",\"url\":\"https:\\\/\\\/www.surveyrewards.me\\\/ar-dz\\\/\",\"logo\":{\"@type\":\"ImageObject\",\"inLanguage\":\"ar-DZ\",\"@id\":\"https:\\\/\\\/www.surveyrewards.me\\\/ar-dz\\\/#\\\/schema\\\/logo\\\/image\\\/\",\"url\":\"https:\\\/\\\/www.surveyrewards.me\\\/wp-content\\\/uploads\\\/2025\\\/03\\\/cropped-SR_AltLogo_1-scaled.png\",\"contentUrl\":\"https:\\\/\\\/www.surveyrewards.me\\\/wp-content\\\/uploads\\\/2025\\\/03\\\/cropped-SR_AltLogo_1-scaled.png\",\"width\":3841,\"height\":617,\"caption\":\"SurveyRewards\"},\"image\":{\"@id\":\"https:\\\/\\\/www.surveyrewards.me\\\/ar-dz\\\/#\\\/schema\\\/logo\\\/image\\\/\"},\"sameAs\":[\"https:\\\/\\\/www.facebook.com\\\/surveyrewards\\\/\"]}]}<\/script>\n<!-- \/ Yoast SEO plugin. -->","yoast_head_json":{"title":"Login - SurveyRewards","description":"Login to SurveyRewards. Get rewards for your opinions. Earn money with online surveys. SurveyRewards for your extra income.","robots":{"index":"noindex","follow":"follow"},"og_locale":"ar_AR","og_type":"article","og_title":"Login - SurveyRewards","og_description":"Login to SurveyRewards. Get rewards for your opinions. Earn money with online surveys. SurveyRewards for your extra income.","og_url":"https:\/\/www.surveyrewards.me\/ar-dz\/login\/","og_site_name":"SurveyRewards","article_publisher":"https:\/\/www.facebook.com\/surveyrewards\/","article_modified_time":"2025-12-04T08:41:41+00:00","twitter_card":"summary_large_image","twitter_misc":{"Est. reading time":"1 minute"},"schema":{"@context":"https:\/\/schema.org","@graph":[{"@type":"WebPage","@id":"https:\/\/www.surveyrewards.me\/ar-dz\/login\/","url":"https:\/\/www.surveyrewards.me\/ar-dz\/login\/","name":"Login - SurveyRewards","isPartOf":{"@id":"https:\/\/www.surveyrewards.me\/ar-dz\/#website"},"datePublished":"2024-09-13T08:36:33+00:00","dateModified":"2025-12-04T08:41:41+00:00","description":"Login to SurveyRewards. Get rewards for your opinions. Earn money with online surveys. SurveyRewards for your extra income.","breadcrumb":{"@id":"https:\/\/www.surveyrewards.me\/ar-dz\/login\/#breadcrumb"},"inLanguage":"ar-DZ","potentialAction":[{"@type":"ReadAction","target":["https:\/\/www.surveyrewards.me\/ar-dz\/login\/"]}]},{"@type":"BreadcrumbList","@id":"https:\/\/www.surveyrewards.me\/ar-dz\/login\/#breadcrumb","itemListElement":[{"@type":"ListItem","position":1,"name":"Home","item":"https:\/\/www.surveyrewards.me\/ar-dz\/"},{"@type":"ListItem","position":2,"name":"Login"}]},{"@type":"WebSite","@id":"https:\/\/www.surveyrewards.me\/ar-dz\/#website","url":"https:\/\/www.surveyrewards.me\/ar-dz\/","name":"SurveyRewards","description":"Turning your opinions into rewards","publisher":{"@id":"https:\/\/www.surveyrewards.me\/ar-dz\/#organization"},"potentialAction":[{"@type":"SearchAction","target":{"@type":"EntryPoint","urlTemplate":"https:\/\/www.surveyrewards.me\/ar-dz\/?s={search_term_string}"},"query-input":{"@type":"PropertyValueSpecification","valueRequired":true,"valueName":"search_term_string"}}],"inLanguage":"ar-DZ"},{"@type":"Organization","@id":"https:\/\/www.surveyrewards.me\/ar-dz\/#organization","name":"SurveyRewards","url":"https:\/\/www.surveyrewards.me\/ar-dz\/","logo":{"@type":"ImageObject","inLanguage":"ar-DZ","@id":"https:\/\/www.surveyrewards.me\/ar-dz\/#\/schema\/logo\/image\/","url":"https:\/\/www.surveyrewards.me\/wp-content\/uploads\/2025\/03\/cropped-SR_AltLogo_1-scaled.png","contentUrl":"https:\/\/www.surveyrewards.me\/wp-content\/uploads\/2025\/03\/cropped-SR_AltLogo_1-scaled.png","width":3841,"height":617,"caption":"SurveyRewards"},"image":{"@id":"https:\/\/www.surveyrewards.me\/ar-dz\/#\/schema\/logo\/image\/"},"sameAs":["https:\/\/www.facebook.com\/surveyrewards\/"]}]}},"uagb_featured_image_src":{"full":false,"thumbnail":false,"medium":false,"medium_large":false,"large":false,"1536x1536":false,"2048x2048":false},"uagb_author_info":{"display_name":"aaron.schoepflin","author_link":"https:\/\/www.surveyrewards.me\/ar-dz\/author\/aaron-schoepflin\/"},"uagb_comment_info":0,"uagb_excerpt":"\u0645\u0631\u062d\u0628\u064b\u0627 \u0628\u0643\u0645. \u0641\u064a \u0627\u0644\u062c\u0632\u0627\u0626\u0631\u060c \u0646\u0642\u062f\u0645 \u0628\u0648\u0627\u0628\u062a\u064a\u0646 \u0645\u062e\u062a\u0644\u0641\u062a\u064a\u0646 \u0648\u0645\u0633\u062a\u0642\u0644\u062a\u064a\u0646 \u0644\u0644\u0639\u0645\u0644\u0627\u0621 &#8211; \u0628\u0627\u0644\u0644\u063a\u062a\u064a\u0646 \u0627\u0644\u0639\u0631\u0628\u064a\u0629 \u0648\u0627\u0644\u0641\u0631\u0646\u0633\u064a\u0629.\u0627\u062e\u062a\u0631 \u062d\u0633\u0627\u0628 \u0627\u0644\u0639\u0645\u064a\u0644 \u0627\u0644\u0630\u064a \u0642\u0645\u062a \u0628\u062a\u0633\u062c\u064a\u0644\u0647 \u0623\u062f\u0646\u0627\u0647. Bienvenue. En Alg\u00e9rie, nous proposons deux portails clients distincts et ind\u00e9pendants, en arabe et en fran\u00e7ais.S\u00e9lectionnez ci-dessous le compte client avec lequel vous vous \u00eates inscrit. \u0627\u0646\u0642\u0631 \u0647\u0646\u0627 \u0644\u0644\u0648\u0635\u0648\u0644 \u0625\u0644\u0649 \u062d\u0633\u0627\u0628 \u0627\u0644\u0639\u0645\u064a\u0644 \u0628\u0627\u0644\u0644\u063a\u0629 \u0627\u0644\u0639\u0631\u0628\u064a\u0629 \u0644\u0644\u062c\u0632\u0627\u0626\u0631:https:\/\/www.surveyrewards.me\/ar-dz\/login-arabic Cliquez&hellip;","_links":{"self":[{"href":"https:\/\/www.surveyrewards.me\/ar-dz\/wp-json\/wp\/v2\/pages\/3144","targetHints":{"allow":["GET"]}}],"collection":[{"href":"https:\/\/www.surveyrewards.me\/ar-dz\/wp-json\/wp\/v2\/pages"}],"about":[{"href":"https:\/\/www.surveyrewards.me\/ar-dz\/wp-json\/wp\/v2\/types\/page"}],"author":[{"embeddable":true,"href":"https:\/\/www.surveyrewards.me\/ar-dz\/wp-json\/wp\/v2\/users\/1"}],"replies":[{"embeddable":true,"href":"https:\/\/www.surveyrewards.me\/ar-dz\/wp-json\/wp\/v2\/comments?post=3144"}],"version-history":[{"count":5,"href":"https:\/\/www.surveyrewards.me\/ar-dz\/wp-json\/wp\/v2\/pages\/3144\/revisions"}],"predecessor-version":[{"id":6172,"href":"https:\/\/www.surveyrewards.me\/ar-dz\/wp-json\/wp\/v2\/pages\/3144\/revisions\/6172"}],"wp:attachment":[{"href":"https:\/\/www.surveyrewards.me\/ar-dz\/wp-json\/wp\/v2\/media?parent=3144"}],"curies":[{"name":"wp","href":"https:\/\/api.w.org\/{rel}","templated":true}]}}