{"id":3165,"date":"2024-09-13T10:36:33","date_gmt":"2024-09-13T08:36:33","guid":{"rendered":"https:\/\/www.surveyrewards.me\/?page_id=3165"},"modified":"2026-02-19T16:30:31","modified_gmt":"2026-02-19T15:30:31","slug":"login","status":"publish","type":"page","link":"https:\/\/www.surveyrewards.me\/nl-be\/login\/","title":{"rendered":"Login"},"content":{"rendered":"\n<div class=\"wp-block-uagb-container uagb-block-18c811e7 alignfull uagb-is-root-container\"><div class=\"uagb-container-inner-blocks-wrap\">\n<p class=\"has-ast-global-color-7-background-color has-background\">Welkom. In Belgi\u00eb bieden we twee verschillende en onafhankelijke klantenportalen aan: een Franstalig en een Nederlandstalig.<br><strong>Selecteer hieronder het klantenaccount waarmee u zich hebt geregistreerd.<\/strong><br><br>Bienvenue. En Belgique, nous proposons deux portails clients distincts et ind\u00e9pendants, l&#8217;un en fran\u00e7ais et l&#8217;autre en n\u00e9erlandais.<br><strong>S\u00e9lectionnez ci-dessous le compte client avec lequel vous vous \u00eates inscrit.<\/strong><\/p>\n\n\n\n<p class=\"has-ast-global-color-5-color has-ast-global-color-1-background-color has-text-color has-background has-link-color wp-elements-3bd278a634dceac2b19ca2a197b31cd0\">Klik hier om toegang te krijgen tot het Nederlandstalige klantenaccount voor Belgi\u00eb:<br><a href=\"https:\/\/www.surveyrewards.me\/nl-be\/login-dutch\/\">https:\/\/www.surveyrewards.me\/nl-be\/login-dutch<\/a><\/p>\n\n\n\n<p class=\"has-ast-global-color-5-color has-ast-global-color-1-background-color has-text-color has-background has-link-color wp-elements-74aa471a3157e93bf895f36bb02c28e4\">Cliquez ici pour acc\u00e9der au compte client fran\u00e7ais pour la Belgique:<br><a href=\"https:\/\/www.surveyrewards.me\/nl-be\/login-french\">https:\/\/www.surveyrewards.me\/nl-be\/login-french<\/a><\/p>\n<\/div><\/div>\n","protected":false},"excerpt":{"rendered":"<p>Welkom. In Belgi\u00eb bieden we twee verschillende en onafhankelijke klantenportalen aan: een Franstalig en een Nederlandstalig.Selecteer hieronder het klantenaccount waarmee u zich hebt geregistreerd. Bienvenue. En Belgique, nous proposons deux portails clients distincts et ind\u00e9pendants, l&#8217;un en fran\u00e7ais et l&#8217;autre en n\u00e9erlandais.S\u00e9lectionnez ci-dessous le compte client avec lequel vous vous \u00eates inscrit. Klik hier om [&hellip;]<\/p>\n","protected":false},"author":1,"featured_media":0,"parent":0,"menu_order":0,"comment_status":"closed","ping_status":"closed","template":"","meta":{"_uag_custom_page_level_css":"","site-sidebar-layout":"no-sidebar","site-content-layout":"","ast-site-content-layout":"normal-width-container","site-content-style":"unboxed","site-sidebar-style":"default","ast-global-header-display":"","ast-banner-title-visibility":"","ast-main-header-display":"","ast-hfb-above-header-display":"","ast-hfb-below-header-display":"","ast-hfb-mobile-header-display":"","site-post-title":"disabled","ast-breadcrumbs-content":"","ast-featured-img":"","footer-sml-layout":"","ast-disable-related-posts":"","theme-transparent-header-meta":"","adv-header-id-meta":"","stick-header-meta":"","header-above-stick-meta":"","header-main-stick-meta":"","header-below-stick-meta":"","astra-migrate-meta-layouts":"set","ast-page-background-enabled":"default","ast-page-background-meta":{"desktop":{"background-color":"","background-image":"","background-repeat":"repeat","background-position":"center center","background-size":"auto","background-attachment":"scroll","background-type":"","background-media":"","overlay-type":"","overlay-color":"","overlay-opacity":"","overlay-gradient":""},"tablet":{"background-color":"","background-image":"","background-repeat":"repeat","background-position":"center center","background-size":"auto","background-attachment":"scroll","background-type":"","background-media":"","overlay-type":"","overlay-color":"","overlay-opacity":"","overlay-gradient":""},"mobile":{"background-color":"","background-image":"","background-repeat":"repeat","background-position":"center center","background-size":"auto","background-attachment":"scroll","background-type":"","background-media":"","overlay-type":"","overlay-color":"","overlay-opacity":"","overlay-gradient":""}},"ast-content-background-meta":{"desktop":{"background-color":"var(--ast-global-color-5)","background-image":"","background-repeat":"repeat","background-position":"center center","background-size":"auto","background-attachment":"scroll","background-type":"","background-media":"","overlay-type":"","overlay-color":"","overlay-opacity":"","overlay-gradient":""},"tablet":{"background-color":"var(--ast-global-color-5)","background-image":"","background-repeat":"repeat","background-position":"center center","background-size":"auto","background-attachment":"scroll","background-type":"","background-media":"","overlay-type":"","overlay-color":"","overlay-opacity":"","overlay-gradient":""},"mobile":{"background-color":"var(--ast-global-color-5)","background-image":"","background-repeat":"repeat","background-position":"center center","background-size":"auto","background-attachment":"scroll","background-type":"","background-media":"","overlay-type":"","overlay-color":"","overlay-opacity":"","overlay-gradient":""}},"footnotes":""},"class_list":["post-3165","page","type-page","status-publish","hentry"],"yoast_head":"<!-- This site is optimized with the Yoast SEO plugin v27.5 - https:\/\/yoast.com\/product\/yoast-seo-wordpress\/ -->\n<title>Login - SurveyRewards<\/title>\n<meta name=\"robots\" content=\"noindex, follow\" \/>\n<meta property=\"og:locale\" content=\"nl_BE\" \/>\n<meta property=\"og:type\" content=\"article\" \/>\n<meta property=\"og:title\" content=\"Login - SurveyRewards\" \/>\n<meta property=\"og:description\" content=\"Welkom. In Belgi\u00eb bieden we twee verschillende en onafhankelijke klantenportalen aan: een Franstalig en een Nederlandstalig.Selecteer hieronder het klantenaccount waarmee u zich hebt geregistreerd. Bienvenue. En Belgique, nous proposons deux portails clients distincts et ind\u00e9pendants, l&#8217;un en fran\u00e7ais et l&#8217;autre en n\u00e9erlandais.S\u00e9lectionnez ci-dessous le compte client avec lequel vous vous \u00eates inscrit. Klik hier om [&hellip;]\" \/>\n<meta property=\"og:url\" content=\"https:\/\/www.surveyrewards.me\/nl-be\/login\/\" \/>\n<meta property=\"og:site_name\" content=\"SurveyRewards\" \/>\n<meta property=\"article:publisher\" content=\"https:\/\/www.facebook.com\/surveyrewards\/\" \/>\n<meta property=\"article:modified_time\" content=\"2026-02-19T15:30:31+00:00\" \/>\n<meta name=\"twitter:card\" content=\"summary_large_image\" \/>\n<meta name=\"twitter:label1\" content=\"Geschatte leestijd\" \/>\n\t<meta name=\"twitter:data1\" content=\"1 minuut\" \/>\n<script type=\"application\/ld+json\" class=\"yoast-schema-graph\">{\"@context\":\"https:\\\/\\\/schema.org\",\"@graph\":[{\"@type\":\"WebPage\",\"@id\":\"https:\\\/\\\/www.surveyrewards.me\\\/nl-be\\\/login\\\/\",\"url\":\"https:\\\/\\\/www.surveyrewards.me\\\/nl-be\\\/login\\\/\",\"name\":\"Login - SurveyRewards\",\"isPartOf\":{\"@id\":\"https:\\\/\\\/www.surveyrewards.me\\\/nl-be\\\/#website\"},\"datePublished\":\"2024-09-13T08:36:33+00:00\",\"dateModified\":\"2026-02-19T15:30:31+00:00\",\"breadcrumb\":{\"@id\":\"https:\\\/\\\/www.surveyrewards.me\\\/nl-be\\\/login\\\/#breadcrumb\"},\"inLanguage\":\"nl-BE\",\"potentialAction\":[{\"@type\":\"ReadAction\",\"target\":[\"https:\\\/\\\/www.surveyrewards.me\\\/nl-be\\\/login\\\/\"]}]},{\"@type\":\"BreadcrumbList\",\"@id\":\"https:\\\/\\\/www.surveyrewards.me\\\/nl-be\\\/login\\\/#breadcrumb\",\"itemListElement\":[{\"@type\":\"ListItem\",\"position\":1,\"name\":\"Home\",\"item\":\"https:\\\/\\\/www.surveyrewards.me\\\/nl-be\\\/\"},{\"@type\":\"ListItem\",\"position\":2,\"name\":\"Login\"}]},{\"@type\":\"WebSite\",\"@id\":\"https:\\\/\\\/www.surveyrewards.me\\\/nl-be\\\/#website\",\"url\":\"https:\\\/\\\/www.surveyrewards.me\\\/nl-be\\\/\",\"name\":\"SurveyRewards\",\"description\":\"Turning your opinions into rewards\",\"publisher\":{\"@id\":\"https:\\\/\\\/www.surveyrewards.me\\\/nl-be\\\/#organization\"},\"potentialAction\":[{\"@type\":\"SearchAction\",\"target\":{\"@type\":\"EntryPoint\",\"urlTemplate\":\"https:\\\/\\\/www.surveyrewards.me\\\/nl-be\\\/?s={search_term_string}\"},\"query-input\":{\"@type\":\"PropertyValueSpecification\",\"valueRequired\":true,\"valueName\":\"search_term_string\"}}],\"inLanguage\":\"nl-BE\"},{\"@type\":\"Organization\",\"@id\":\"https:\\\/\\\/www.surveyrewards.me\\\/nl-be\\\/#organization\",\"name\":\"SurveyRewards\",\"url\":\"https:\\\/\\\/www.surveyrewards.me\\\/nl-be\\\/\",\"logo\":{\"@type\":\"ImageObject\",\"inLanguage\":\"nl-BE\",\"@id\":\"https:\\\/\\\/www.surveyrewards.me\\\/nl-be\\\/#\\\/schema\\\/logo\\\/image\\\/\",\"url\":\"https:\\\/\\\/www.surveyrewards.me\\\/wp-content\\\/uploads\\\/2025\\\/03\\\/cropped-SR_AltLogo_1-scaled.png\",\"contentUrl\":\"https:\\\/\\\/www.surveyrewards.me\\\/wp-content\\\/uploads\\\/2025\\\/03\\\/cropped-SR_AltLogo_1-scaled.png\",\"width\":3841,\"height\":617,\"caption\":\"SurveyRewards\"},\"image\":{\"@id\":\"https:\\\/\\\/www.surveyrewards.me\\\/nl-be\\\/#\\\/schema\\\/logo\\\/image\\\/\"},\"sameAs\":[\"https:\\\/\\\/www.facebook.com\\\/surveyrewards\\\/\"]}]}<\/script>\n<!-- \/ Yoast SEO plugin. -->","yoast_head_json":{"title":"Login - SurveyRewards","robots":{"index":"noindex","follow":"follow"},"og_locale":"nl_BE","og_type":"article","og_title":"Login - SurveyRewards","og_description":"Welkom. In Belgi\u00eb bieden we twee verschillende en onafhankelijke klantenportalen aan: een Franstalig en een Nederlandstalig.Selecteer hieronder het klantenaccount waarmee u zich hebt geregistreerd. Bienvenue. En Belgique, nous proposons deux portails clients distincts et ind\u00e9pendants, l&#8217;un en fran\u00e7ais et l&#8217;autre en n\u00e9erlandais.S\u00e9lectionnez ci-dessous le compte client avec lequel vous vous \u00eates inscrit. Klik hier om [&hellip;]","og_url":"https:\/\/www.surveyrewards.me\/nl-be\/login\/","og_site_name":"SurveyRewards","article_publisher":"https:\/\/www.facebook.com\/surveyrewards\/","article_modified_time":"2026-02-19T15:30:31+00:00","twitter_card":"summary_large_image","twitter_misc":{"Geschatte leestijd":"1 minuut"},"schema":{"@context":"https:\/\/schema.org","@graph":[{"@type":"WebPage","@id":"https:\/\/www.surveyrewards.me\/nl-be\/login\/","url":"https:\/\/www.surveyrewards.me\/nl-be\/login\/","name":"Login - SurveyRewards","isPartOf":{"@id":"https:\/\/www.surveyrewards.me\/nl-be\/#website"},"datePublished":"2024-09-13T08:36:33+00:00","dateModified":"2026-02-19T15:30:31+00:00","breadcrumb":{"@id":"https:\/\/www.surveyrewards.me\/nl-be\/login\/#breadcrumb"},"inLanguage":"nl-BE","potentialAction":[{"@type":"ReadAction","target":["https:\/\/www.surveyrewards.me\/nl-be\/login\/"]}]},{"@type":"BreadcrumbList","@id":"https:\/\/www.surveyrewards.me\/nl-be\/login\/#breadcrumb","itemListElement":[{"@type":"ListItem","position":1,"name":"Home","item":"https:\/\/www.surveyrewards.me\/nl-be\/"},{"@type":"ListItem","position":2,"name":"Login"}]},{"@type":"WebSite","@id":"https:\/\/www.surveyrewards.me\/nl-be\/#website","url":"https:\/\/www.surveyrewards.me\/nl-be\/","name":"SurveyRewards","description":"Turning your opinions into rewards","publisher":{"@id":"https:\/\/www.surveyrewards.me\/nl-be\/#organization"},"potentialAction":[{"@type":"SearchAction","target":{"@type":"EntryPoint","urlTemplate":"https:\/\/www.surveyrewards.me\/nl-be\/?s={search_term_string}"},"query-input":{"@type":"PropertyValueSpecification","valueRequired":true,"valueName":"search_term_string"}}],"inLanguage":"nl-BE"},{"@type":"Organization","@id":"https:\/\/www.surveyrewards.me\/nl-be\/#organization","name":"SurveyRewards","url":"https:\/\/www.surveyrewards.me\/nl-be\/","logo":{"@type":"ImageObject","inLanguage":"nl-BE","@id":"https:\/\/www.surveyrewards.me\/nl-be\/#\/schema\/logo\/image\/","url":"https:\/\/www.surveyrewards.me\/wp-content\/uploads\/2025\/03\/cropped-SR_AltLogo_1-scaled.png","contentUrl":"https:\/\/www.surveyrewards.me\/wp-content\/uploads\/2025\/03\/cropped-SR_AltLogo_1-scaled.png","width":3841,"height":617,"caption":"SurveyRewards"},"image":{"@id":"https:\/\/www.surveyrewards.me\/nl-be\/#\/schema\/logo\/image\/"},"sameAs":["https:\/\/www.facebook.com\/surveyrewards\/"]}]}},"uagb_featured_image_src":{"full":false,"thumbnail":false,"medium":false,"medium_large":false,"large":false,"1536x1536":false,"2048x2048":false},"uagb_author_info":{"display_name":"aaron.schoepflin","author_link":"https:\/\/www.surveyrewards.me\/nl-be\/author\/aaron-schoepflin\/"},"uagb_comment_info":0,"uagb_excerpt":"Welkom. In Belgi\u00eb bieden we twee verschillende en onafhankelijke klantenportalen aan: een Franstalig en een Nederlandstalig.Selecteer hieronder het klantenaccount waarmee u zich hebt geregistreerd. Bienvenue. En Belgique, nous proposons deux portails clients distincts et ind\u00e9pendants, l&#8217;un en fran\u00e7ais et l&#8217;autre en n\u00e9erlandais.S\u00e9lectionnez ci-dessous le compte client avec lequel vous vous \u00eates inscrit. Klik hier om&hellip;","_links":{"self":[{"href":"https:\/\/www.surveyrewards.me\/nl-be\/wp-json\/wp\/v2\/pages\/3165","targetHints":{"allow":["GET"]}}],"collection":[{"href":"https:\/\/www.surveyrewards.me\/nl-be\/wp-json\/wp\/v2\/pages"}],"about":[{"href":"https:\/\/www.surveyrewards.me\/nl-be\/wp-json\/wp\/v2\/types\/page"}],"author":[{"embeddable":true,"href":"https:\/\/www.surveyrewards.me\/nl-be\/wp-json\/wp\/v2\/users\/1"}],"replies":[{"embeddable":true,"href":"https:\/\/www.surveyrewards.me\/nl-be\/wp-json\/wp\/v2\/comments?post=3165"}],"version-history":[{"count":3,"href":"https:\/\/www.surveyrewards.me\/nl-be\/wp-json\/wp\/v2\/pages\/3165\/revisions"}],"predecessor-version":[{"id":6216,"href":"https:\/\/www.surveyrewards.me\/nl-be\/wp-json\/wp\/v2\/pages\/3165\/revisions\/6216"}],"wp:attachment":[{"href":"https:\/\/www.surveyrewards.me\/nl-be\/wp-json\/wp\/v2\/media?parent=3165"}],"curies":[{"name":"wp","href":"https:\/\/api.w.org\/{rel}","templated":true}]}}