{"id":5478,"date":"2024-09-11T10:55:03","date_gmt":"2024-09-11T08:55:03","guid":{"rendered":"https:\/\/www.surveyrewards.me\/domov\/"},"modified":"2025-11-26T16:18:57","modified_gmt":"2025-11-26T15:18:57","slug":"domov","status":"publish","type":"page","link":"https:\/\/www.surveyrewards.me\/sk\/","title":{"rendered":"Domov"},"content":{"rendered":"\n<div class=\"wp-block-uagb-container uagb-block-e01ccadd alignfull uagb-is-root-container\"><div class=\"uagb-container-inner-blocks-wrap\">\n<div class=\"wp-block-uagb-container uagb-block-f7961e66 alignfull uagb-is-root-container\"><div class=\"uagb-container-inner-blocks-wrap\">\n<div class=\"wp-block-uagb-info-box uagb-block-92c28af4 uagb-infobox__content-wrap  uagb-infobox-icon-above-title uagb-infobox-image-valign-top wp-block-uagb-info-box--has-margin\"><div class=\"uagb-infobox-margin-wrapper\"><div class=\"uagb-ifb-content\"><div class=\"uagb-ifb-title-wrap\"><h1 class=\"uagb-ifb-title\">Premena va\u0161ich n\u00e1zorov na odmeny<\/h1><\/div><p class=\"uagb-ifb-desc\">By\u0165 vypo\u010dut\u00fd e\u0161te nikdy nebolo tak\u00e9 uspokojuj\u00face.  <\/p><div class=\"uagb-ifb-button-wrapper wp-block-button\"><a href=\"https:\/\/www.surveyrewards.me\/sq\/login\/\" class=\"uagb-infobox-cta-link wp-block-button__link\" target=\"_self\" rel=\"noopener noreferrer\" onclick=\"return true;\"><span class=\"uagb-inline-editing\">Za\u010dnite zar\u00e1ba\u0165<\/span><\/a><\/div><\/div><\/div><\/div>\n<\/div><\/div>\n\n\n\n<div class=\"wp-block-uagb-container uagb-block-21bc8bc5\">\n<div class=\"wp-block-uagb-image uagb-block-7d30e9a5 wp-block-uagb-image--layout-default wp-block-uagb-image--effect-static wp-block-uagb-image--align-none\"><figure class=\"wp-block-uagb-image__figure\"><img decoding=\"async\" srcset=\"https:\/\/www.surveyrewards.me\/wp-content\/uploads\/2025\/03\/woman-megaphone-with-starburst2-edited-2.png ,https:\/\/www.surveyrewards.me\/wp-content\/uploads\/2025\/03\/woman-megaphone-with-starburst2-edited-2-300x300.png 780w, https:\/\/www.surveyrewards.me\/wp-content\/uploads\/2025\/03\/woman-megaphone-with-starburst2-edited-2-300x300.png 360w\" sizes=\"auto, (max-width: 480px) 150px\" src=\"https:\/\/www.surveyrewards.me\/wp-content\/uploads\/2025\/03\/woman-megaphone-with-starburst2-edited-2.png\" alt=\"\" class=\"uag-image-4410\" width=\"525\" height=\"525\" title=\"\u017eena-megaf\u00f3n-s-hviezdou2\" loading=\"lazy\" role=\"img\"><\/figure><\/div>\n<\/div>\n<\/div><\/div>\n\n<div class=\"wp-block-uagb-container uagb-block-b8876bf9 alignfull uagb-is-root-container\"><div class=\"uagb-container-inner-blocks-wrap\">\n<div class=\"wp-block-uagb-advanced-heading uagb-block-d148b120\"><h2 class=\"uagb-heading-text\">Za\u010dnite zar\u00e1ba\u0165 e\u0161te dnes s SurveyRewards<\/h2><\/div>\n\n\n\n<div class=\"wp-block-uagb-container uagb-block-51a989dd alignfull uagb-is-root-container\"><div class=\"uagb-container-inner-blocks-wrap\">\n<div class=\"wp-block-uagb-container uagb-block-2f9ada12\">\n<div class=\"wp-block-uagb-info-box uagb-block-21179112 uagb-infobox__content-wrap  uagb-infobox-icon-left-title uagb-infobox-left uagb-infobox-image-valign-middle\"><div class=\"uagb-ifb-content\"><div class=\"uagb-ifb-left-title-image\"><div class=\"uagb-ifb-icon-wrap\"><svg xmlns=\"https:\/\/www.w3.org\/2000\/svg\" viewbox=\"0 0 512 512\"><path d=\"M416 32h-64c-17.67 0-32 14.33-32 32s14.33 32 32 32h64c17.67 0 32 14.33 32 32v256c0 17.67-14.33 32-32 32h-64c-17.67 0-32 14.33-32 32s14.33 32 32 32h64c53.02 0 96-42.98 96-96V128C512 74.98 469 32 416 32zM342.6 233.4l-128-128c-12.51-12.51-32.76-12.49-45.25 0c-12.5 12.5-12.5 32.75 0 45.25L242.8 224H32C14.31 224 0 238.3 0 256s14.31 32 32 32h210.8l-73.38 73.38c-12.5 12.5-12.5 32.75 0 45.25s32.75 12.5 45.25 0l128-128C355.1 266.1 355.1 245.9 342.6 233.4z\"><\/path><\/svg><\/div><div class=\"uagb-ifb-title-wrap\"><h6 class=\"uagb-ifb-title\">Pridajte sa teraz.<\/h6><\/div><\/div><p class=\"uagb-ifb-desc\">Zaregistrujte sa bezplatne a skontrolujte si e-maily na overenie svojho konta.<\/p><\/div><\/div>\n<\/div>\n\n\n\n<div class=\"wp-block-uagb-container uagb-block-51f7e024\">\n<div class=\"wp-block-uagb-info-box uagb-block-2a98b4e7 uagb-infobox__content-wrap  uagb-infobox-icon-left-title uagb-infobox-left uagb-infobox-image-valign-middle\"><div class=\"uagb-ifb-content\"><div class=\"uagb-ifb-left-title-image\"><div class=\"uagb-ifb-icon-wrap\"><svg xmlns=\"https:\/\/www.w3.org\/2000\/svg\" viewbox=\"0 0 384 512\"><path d=\"M112.1 454.3c0 6.297 1.816 12.44 5.284 17.69l17.14 25.69c5.25 7.875 17.17 14.28 26.64 14.28h61.67c9.438 0 21.36-6.401 26.61-14.28l17.08-25.68c2.938-4.438 5.348-12.37 5.348-17.7L272 415.1h-160L112.1 454.3zM191.4 .0132C89.44 .3257 16 82.97 16 175.1c0 44.38 16.44 84.84 43.56 115.8c16.53 18.84 42.34 58.23 52.22 91.45c.0313 .25 .0938 .5166 .125 .7823h160.2c.0313-.2656 .0938-.5166 .125-.7823c9.875-33.22 35.69-72.61 52.22-91.45C351.6 260.8 368 220.4 368 175.1C368 78.61 288.9-.2837 191.4 .0132zM192 96.01c-44.13 0-80 35.89-80 79.1C112 184.8 104.8 192 96 192S80 184.8 80 176c0-61.76 50.25-111.1 112-111.1c8.844 0 16 7.159 16 16S200.8 96.01 192 96.01z\"><\/path><\/svg><\/div><div class=\"uagb-ifb-title-wrap\"><h6 class=\"uagb-ifb-title\">Vykon\u00e1vajte prieskumy.<\/h6><\/div><\/div><p class=\"uagb-ifb-desc\">Vypl\u0148te online prieskumy a zarobte si peniaze navy\u0161e.<\/p><\/div><\/div>\n<\/div>\n\n\n\n<div class=\"wp-block-uagb-container uagb-block-4ed95087\">\n<div class=\"wp-block-uagb-info-box uagb-block-22c4462b uagb-infobox__content-wrap  uagb-infobox-icon-left-title uagb-infobox-left uagb-infobox-image-valign-middle\"><div class=\"uagb-ifb-content\"><div class=\"uagb-ifb-left-title-image\"><div class=\"uagb-ifb-icon-wrap\"><svg xmlns=\"https:\/\/www.w3.org\/2000\/svg\" viewbox=\"0 0 512 512\"><path d=\"M320 96H192L144.6 24.88C137.5 14.24 145.1 0 157.9 0H354.1C366.9 0 374.5 14.24 367.4 24.88L320 96zM192 128H320C323.8 130.5 328.1 133.3 332.1 136.4C389.7 172.7 512 250.9 512 416C512 469 469 512 416 512H96C42.98 512 0 469 0 416C0 250.9 122.3 172.7 179 136.4C183.9 133.3 188.2 130.5 192 128V128zM276.1 224C276.1 212.9 267.1 203.9 255.1 203.9C244.9 203.9 235.9 212.9 235.9 224V230C230.3 231.2 224.1 232.9 220 235.1C205.1 241.9 192.1 254.5 188.9 272.8C187.1 283 188.1 292.9 192.3 301.8C196.5 310.6 203 316.8 209.6 321.3C221.2 329.2 236.5 333.8 248.2 337.3L250.4 337.9C264.4 342.2 273.8 345.3 279.7 349.6C282.2 351.4 283.1 352.8 283.4 353.7C283.8 354.5 284.4 356.3 283.7 360.3C283.1 363.8 281.2 366.8 275.7 369.1C269.6 371.7 259.7 373 246.9 371C240.9 370 230.2 366.4 220.7 363.2C218.5 362.4 216.3 361.7 214.3 361C203.8 357.5 192.5 363.2 189 373.7C185.5 384.2 191.2 395.5 201.7 398.1C202.9 399.4 204.4 399.9 206.1 400.5C213.1 403.2 226.4 407.4 235.9 409.6V416C235.9 427.1 244.9 436.1 255.1 436.1C267.1 436.1 276.1 427.1 276.1 416V410.5C281.4 409.5 286.6 407.1 291.4 405.9C307.2 399.2 319.8 386.2 323.1 367.2C324.9 356.8 324.1 346.8 320.1 337.7C316.2 328.7 309.9 322.1 303.2 317.3C291.1 308.4 274.9 303.6 262.8 299.9L261.1 299.7C247.8 295.4 238.2 292.4 232.1 288.2C229.5 286.4 228.7 285.2 228.5 284.7C228.3 284.3 227.7 283.1 228.3 279.7C228.7 277.7 230.2 274.4 236.5 271.6C242.1 268.7 252.9 267.1 265.1 268.1C269.5 269.7 283 272.3 286.9 273.3C297.5 276.2 308.5 269.8 311.3 259.1C314.2 248.5 307.8 237.5 297.1 234.7C292.7 233.5 282.7 231.5 276.1 230.3L276.1 224z\"><\/path><\/svg><\/div><div class=\"uagb-ifb-title-wrap\"><h6 class=\"uagb-ifb-title\"><strong>Dosta\u0165 zaplaten\u00e9.<\/strong><\/h6><\/div><\/div><p class=\"uagb-ifb-desc\">N\u00e1\u0161 program odmien pon\u00faka ob\u013e\u00faben\u00e9 dar\u010dekov\u00e9 karty a v\u00fdbery pe\u0148az\u00ed cez PayPal.<\/p><\/div><\/div>\n<\/div>\n<\/div><\/div>\n\n\n\n<div class=\"wp-block-uagb-buttons uagb-buttons__outer-wrap uagb-btn__default-btn uagb-btn-tablet__default-btn uagb-btn-mobile__default-btn uagb-block-a796556b\"><div class=\"uagb-buttons__wrap uagb-buttons-layout-wrap \">\n<div class=\"wp-block-uagb-buttons-child uagb-buttons__outer-wrap uagb-block-06344e7c wp-block-button\"><div class=\"uagb-button__wrapper\"><a class=\"uagb-buttons-repeater wp-block-button__link\" aria-label=\"\" href=\"https:\/\/www.surveyrewards.me\/sq\/login\/\" rel=\"follow noopener\" target=\"_self\" role=\"button\"><div class=\"uagb-button__link\">Pripojte sa zadarmo<\/div><\/a><\/div><\/div>\n<\/div><\/div>\n<\/div><\/div>\n\n<div class=\"wp-block-uagb-container uagb-block-41e0ac3a default uagb-is-root-container\">\n<div class=\"wp-block-uagb-container uagb-block-12ca259c\">\n<div class=\"wp-block-uagb-image aligncenter uagb-block-e6b77dfa wp-block-uagb-image--layout-default wp-block-uagb-image--effect-static wp-block-uagb-image--align-center\"><figure class=\"wp-block-uagb-image__figure\"><img decoding=\"async\" srcset=\"https:\/\/www.surveyrewards.me\/wp-content\/uploads\/2025\/03\/men-joy-headphones-sunglasses-speechbubble.png ,https:\/\/www.surveyrewards.me\/wp-content\/uploads\/2025\/03\/men-joy-headphones-sunglasses-speechbubble.png 780w, https:\/\/www.surveyrewards.me\/wp-content\/uploads\/2025\/03\/men-joy-headphones-sunglasses-speechbubble.png 360w\" sizes=\"auto, (max-width: 480px) 150px\" src=\"https:\/\/www.surveyrewards.me\/wp-content\/uploads\/2025\/03\/men-joy-headphones-sunglasses-speechbubble.png\" alt=\"\" class=\"uag-image-4824\" width=\"600\" height=\"414\" title=\"p\u00e1nske sl\u00fachadl\u00e1-joy-slne\u010dn\u00e9 okuliare-speechbubble\" loading=\"lazy\" role=\"img\"><\/figure><\/div>\n<\/div>\n\n\n\n<div class=\"wp-block-uagb-container uagb-block-f624a464\">\n<div class=\"wp-block-uagb-advanced-heading uagb-block-457f2c4b\"><h2 class=\"uagb-heading-text\">Z\u00edskajte plat za odpovedanie na prieskumy. Kedyko\u013evek. Kdeko\u013evek.  <\/h2><\/div>\n\n\n\n<p class=\"has-ast-global-color-1-color has-text-color has-link-color has-medium-font-size wp-elements-e8f3cadbbb00a7101420b8b480d781e1\">Vyjadrite svoj n\u00e1zor. Vypl\u0148te online prieskumy, nech ste kdeko\u013evek. V\u017edy je \u010das zarobi\u0165.  <\/p>\n<\/div>\n<\/div>\n","protected":false},"excerpt":{"rendered":"<p>Za\u010dnite zar\u00e1ba\u0165 e\u0161te dnes s SurveyRewards Z\u00edskajte plat za odpovedanie na prieskumy. Kedyko\u013evek. Kdeko\u013evek. Vyjadrite svoj n\u00e1zor. Vypl\u0148te online prieskumy, nech ste kdeko\u013evek. V\u017edy je \u010das zarobi\u0165.<\/p>\n","protected":false},"author":1,"featured_media":0,"parent":0,"menu_order":0,"comment_status":"closed","ping_status":"closed","template":"","meta":{"_uag_custom_page_level_css":"","site-sidebar-layout":"no-sidebar","site-content-layout":"plain-container","ast-site-content-layout":"normal-width-container","site-content-style":"unboxed","site-sidebar-style":"unboxed","ast-global-header-display":"","ast-banner-title-visibility":"","ast-main-header-display":"","ast-hfb-above-header-display":"","ast-hfb-below-header-display":"","ast-hfb-mobile-header-display":"","site-post-title":"disabled","ast-breadcrumbs-content":"","ast-featured-img":"disabled","footer-sml-layout":"","ast-disable-related-posts":"","theme-transparent-header-meta":"disabled","adv-header-id-meta":"","stick-header-meta":"","header-above-stick-meta":"","header-main-stick-meta":"","header-below-stick-meta":"","astra-migrate-meta-layouts":"default","ast-page-background-enabled":"default","ast-page-background-meta":{"desktop":{"background-color":"","background-image":"","background-repeat":"repeat","background-position":"center center","background-size":"auto","background-attachment":"scroll","background-type":"","background-media":"","overlay-type":"","overlay-color":"","overlay-opacity":"","overlay-gradient":""},"tablet":{"background-color":"","background-image":"","background-repeat":"repeat","background-position":"center center","background-size":"auto","background-attachment":"scroll","background-type":"","background-media":"","overlay-type":"","overlay-color":"","overlay-opacity":"","overlay-gradient":""},"mobile":{"background-color":"","background-image":"","background-repeat":"repeat","background-position":"center center","background-size":"auto","background-attachment":"scroll","background-type":"","background-media":"","overlay-type":"","overlay-color":"","overlay-opacity":"","overlay-gradient":""}},"ast-content-background-meta":{"desktop":{"background-color":"var(--ast-global-color-5)","background-image":"","background-repeat":"repeat","background-position":"center center","background-size":"auto","background-attachment":"scroll","background-type":"","background-media":"","overlay-type":"","overlay-color":"","overlay-opacity":"","overlay-gradient":""},"tablet":{"background-color":"var(--ast-global-color-5)","background-image":"","background-repeat":"repeat","background-position":"center center","background-size":"auto","background-attachment":"scroll","background-type":"","background-media":"","overlay-type":"","overlay-color":"","overlay-opacity":"","overlay-gradient":""},"mobile":{"background-color":"var(--ast-global-color-5)","background-image":"","background-repeat":"repeat","background-position":"center center","background-size":"auto","background-attachment":"scroll","background-type":"","background-media":"","overlay-type":"","overlay-color":"","overlay-opacity":"","overlay-gradient":""}},"footnotes":""},"class_list":["post-5478","page","type-page","status-publish","hentry"],"yoast_head":"<!-- This site is optimized with the Yoast SEO plugin v27.4 - https:\/\/yoast.com\/product\/yoast-seo-wordpress\/ -->\n<title>Zar\u00e1bajte s platen\u00fdmi prieskumami - SurveyRewards<\/title>\n<meta name=\"description\" content=\"Vykon\u00e1vajte online prieskumy a z\u00edskavajte odmeny. Vyjadrite svoj n\u00e1zor. Vypl\u0148te prieskumy a z\u00edskajte \u010fal\u0161ie peniaze. Uplatnite si dar\u010dekov\u00e9 pouk\u00e1\u017eky alebo v\u00fdplaty pe\u0148az\u00ed prostredn\u00edctvom slu\u017eby PayPal.\" \/>\n<meta name=\"robots\" content=\"index, follow, max-snippet:-1, max-image-preview:large, max-video-preview:-1\" \/>\n<link rel=\"canonical\" href=\"https:\/\/www.surveyrewards.me\/sk\/\" \/>\n<meta property=\"og:locale\" content=\"sk_SK\" \/>\n<meta property=\"og:type\" content=\"article\" \/>\n<meta property=\"og:title\" content=\"Zar\u00e1bajte s platen\u00fdmi prieskumami - SurveyRewards\" \/>\n<meta property=\"og:description\" content=\"Vykon\u00e1vajte online prieskumy a z\u00edskavajte odmeny. Vyjadrite svoj n\u00e1zor. Vypl\u0148te prieskumy a z\u00edskajte \u010fal\u0161ie peniaze. Uplatnite si dar\u010dekov\u00e9 pouk\u00e1\u017eky alebo v\u00fdplaty pe\u0148az\u00ed prostredn\u00edctvom slu\u017eby PayPal.\" \/>\n<meta property=\"og:url\" content=\"https:\/\/www.surveyrewards.me\/sk\/\" \/>\n<meta property=\"og:site_name\" content=\"SurveyRewards\" \/>\n<meta property=\"article:publisher\" content=\"https:\/\/www.facebook.com\/surveyrewards\/\" \/>\n<meta property=\"article:modified_time\" content=\"2025-11-26T15:18:57+00:00\" \/>\n<meta property=\"og:image\" content=\"https:\/\/www.surveyrewards.me\/wp-content\/uploads\/2025\/03\/woman-megaphone-with-starburst2-edited-2.png\" \/>\n<meta name=\"twitter:card\" content=\"summary_large_image\" \/>\n<meta name=\"twitter:label1\" content=\"Predpokladan\u00fd \u010das \u010d\u00edtania\" \/>\n\t<meta name=\"twitter:data1\" content=\"1 min\u00fata\" \/>\n<script type=\"application\/ld+json\" class=\"yoast-schema-graph\">{\"@context\":\"https:\\\/\\\/schema.org\",\"@graph\":[{\"@type\":\"WebPage\",\"@id\":\"https:\\\/\\\/www.surveyrewards.me\\\/sk\\\/\",\"url\":\"https:\\\/\\\/www.surveyrewards.me\\\/sk\\\/\",\"name\":\"Zar\u00e1bajte s platen\u00fdmi prieskumami - SurveyRewards\",\"isPartOf\":{\"@id\":\"https:\\\/\\\/www.surveyrewards.me\\\/sk\\\/#website\"},\"primaryImageOfPage\":{\"@id\":\"https:\\\/\\\/www.surveyrewards.me\\\/sk\\\/#primaryimage\"},\"image\":{\"@id\":\"https:\\\/\\\/www.surveyrewards.me\\\/sk\\\/#primaryimage\"},\"thumbnailUrl\":\"https:\\\/\\\/www.surveyrewards.me\\\/wp-content\\\/uploads\\\/2025\\\/03\\\/woman-megaphone-with-starburst2-edited-2.png\",\"datePublished\":\"2024-09-11T08:55:03+00:00\",\"dateModified\":\"2025-11-26T15:18:57+00:00\",\"description\":\"Vykon\u00e1vajte online prieskumy a z\u00edskavajte odmeny. Vyjadrite svoj n\u00e1zor. Vypl\u0148te prieskumy a z\u00edskajte \u010fal\u0161ie peniaze. Uplatnite si dar\u010dekov\u00e9 pouk\u00e1\u017eky alebo v\u00fdplaty pe\u0148az\u00ed prostredn\u00edctvom slu\u017eby PayPal.\",\"breadcrumb\":{\"@id\":\"https:\\\/\\\/www.surveyrewards.me\\\/sk\\\/#breadcrumb\"},\"inLanguage\":\"sk-SK\",\"potentialAction\":[{\"@type\":\"ReadAction\",\"target\":[\"https:\\\/\\\/www.surveyrewards.me\\\/sk\\\/\"]}]},{\"@type\":\"ImageObject\",\"inLanguage\":\"sk-SK\",\"@id\":\"https:\\\/\\\/www.surveyrewards.me\\\/sk\\\/#primaryimage\",\"url\":\"https:\\\/\\\/www.surveyrewards.me\\\/wp-content\\\/uploads\\\/2025\\\/03\\\/woman-megaphone-with-starburst2-edited-2.png\",\"contentUrl\":\"https:\\\/\\\/www.surveyrewards.me\\\/wp-content\\\/uploads\\\/2025\\\/03\\\/woman-megaphone-with-starburst2-edited-2.png\"},{\"@type\":\"BreadcrumbList\",\"@id\":\"https:\\\/\\\/www.surveyrewards.me\\\/sk\\\/#breadcrumb\",\"itemListElement\":[{\"@type\":\"ListItem\",\"position\":1,\"name\":\"Home\",\"item\":\"https:\\\/\\\/www.surveyrewards.me\\\/sk\\\/domov\\\/\"},{\"@type\":\"ListItem\",\"position\":2,\"name\":\"Domov\"}]},{\"@type\":\"WebSite\",\"@id\":\"https:\\\/\\\/www.surveyrewards.me\\\/sk\\\/#website\",\"url\":\"https:\\\/\\\/www.surveyrewards.me\\\/sk\\\/\",\"name\":\"SurveyRewards\",\"description\":\"Turning your opinions into rewards\",\"publisher\":{\"@id\":\"https:\\\/\\\/www.surveyrewards.me\\\/sk\\\/#organization\"},\"potentialAction\":[{\"@type\":\"SearchAction\",\"target\":{\"@type\":\"EntryPoint\",\"urlTemplate\":\"https:\\\/\\\/www.surveyrewards.me\\\/sk\\\/?s={search_term_string}\"},\"query-input\":{\"@type\":\"PropertyValueSpecification\",\"valueRequired\":true,\"valueName\":\"search_term_string\"}}],\"inLanguage\":\"sk-SK\"},{\"@type\":\"Organization\",\"@id\":\"https:\\\/\\\/www.surveyrewards.me\\\/sk\\\/#organization\",\"name\":\"SurveyRewards\",\"url\":\"https:\\\/\\\/www.surveyrewards.me\\\/sk\\\/\",\"logo\":{\"@type\":\"ImageObject\",\"inLanguage\":\"sk-SK\",\"@id\":\"https:\\\/\\\/www.surveyrewards.me\\\/sk\\\/#\\\/schema\\\/logo\\\/image\\\/\",\"url\":\"https:\\\/\\\/www.surveyrewards.me\\\/wp-content\\\/uploads\\\/2025\\\/03\\\/cropped-SR_AltLogo_1-scaled.png\",\"contentUrl\":\"https:\\\/\\\/www.surveyrewards.me\\\/wp-content\\\/uploads\\\/2025\\\/03\\\/cropped-SR_AltLogo_1-scaled.png\",\"width\":2560,\"height\":411,\"caption\":\"SurveyRewards\"},\"image\":{\"@id\":\"https:\\\/\\\/www.surveyrewards.me\\\/sk\\\/#\\\/schema\\\/logo\\\/image\\\/\"},\"sameAs\":[\"https:\\\/\\\/www.facebook.com\\\/surveyrewards\\\/\"]}]}<\/script>\n<!-- \/ Yoast SEO plugin. -->","yoast_head_json":{"title":"Zar\u00e1bajte s platen\u00fdmi prieskumami - SurveyRewards","description":"Vykon\u00e1vajte online prieskumy a z\u00edskavajte odmeny. Vyjadrite svoj n\u00e1zor. Vypl\u0148te prieskumy a z\u00edskajte \u010fal\u0161ie peniaze. Uplatnite si dar\u010dekov\u00e9 pouk\u00e1\u017eky alebo v\u00fdplaty pe\u0148az\u00ed prostredn\u00edctvom slu\u017eby PayPal.","robots":{"index":"index","follow":"follow","max-snippet":"max-snippet:-1","max-image-preview":"max-image-preview:large","max-video-preview":"max-video-preview:-1"},"canonical":"https:\/\/www.surveyrewards.me\/sk\/","og_locale":"sk_SK","og_type":"article","og_title":"Zar\u00e1bajte s platen\u00fdmi prieskumami - SurveyRewards","og_description":"Vykon\u00e1vajte online prieskumy a z\u00edskavajte odmeny. Vyjadrite svoj n\u00e1zor. Vypl\u0148te prieskumy a z\u00edskajte \u010fal\u0161ie peniaze. Uplatnite si dar\u010dekov\u00e9 pouk\u00e1\u017eky alebo v\u00fdplaty pe\u0148az\u00ed prostredn\u00edctvom slu\u017eby PayPal.","og_url":"https:\/\/www.surveyrewards.me\/sk\/","og_site_name":"SurveyRewards","article_publisher":"https:\/\/www.facebook.com\/surveyrewards\/","article_modified_time":"2025-11-26T15:18:57+00:00","og_image":[{"url":"https:\/\/www.surveyrewards.me\/wp-content\/uploads\/2025\/03\/woman-megaphone-with-starburst2-edited-2.png","type":"","width":"","height":""}],"twitter_card":"summary_large_image","twitter_misc":{"Predpokladan\u00fd \u010das \u010d\u00edtania":"1 min\u00fata"},"schema":{"@context":"https:\/\/schema.org","@graph":[{"@type":"WebPage","@id":"https:\/\/www.surveyrewards.me\/sk\/","url":"https:\/\/www.surveyrewards.me\/sk\/","name":"Zar\u00e1bajte s platen\u00fdmi prieskumami - SurveyRewards","isPartOf":{"@id":"https:\/\/www.surveyrewards.me\/sk\/#website"},"primaryImageOfPage":{"@id":"https:\/\/www.surveyrewards.me\/sk\/#primaryimage"},"image":{"@id":"https:\/\/www.surveyrewards.me\/sk\/#primaryimage"},"thumbnailUrl":"https:\/\/www.surveyrewards.me\/wp-content\/uploads\/2025\/03\/woman-megaphone-with-starburst2-edited-2.png","datePublished":"2024-09-11T08:55:03+00:00","dateModified":"2025-11-26T15:18:57+00:00","description":"Vykon\u00e1vajte online prieskumy a z\u00edskavajte odmeny. Vyjadrite svoj n\u00e1zor. Vypl\u0148te prieskumy a z\u00edskajte \u010fal\u0161ie peniaze. Uplatnite si dar\u010dekov\u00e9 pouk\u00e1\u017eky alebo v\u00fdplaty pe\u0148az\u00ed prostredn\u00edctvom slu\u017eby PayPal.","breadcrumb":{"@id":"https:\/\/www.surveyrewards.me\/sk\/#breadcrumb"},"inLanguage":"sk-SK","potentialAction":[{"@type":"ReadAction","target":["https:\/\/www.surveyrewards.me\/sk\/"]}]},{"@type":"ImageObject","inLanguage":"sk-SK","@id":"https:\/\/www.surveyrewards.me\/sk\/#primaryimage","url":"https:\/\/www.surveyrewards.me\/wp-content\/uploads\/2025\/03\/woman-megaphone-with-starburst2-edited-2.png","contentUrl":"https:\/\/www.surveyrewards.me\/wp-content\/uploads\/2025\/03\/woman-megaphone-with-starburst2-edited-2.png"},{"@type":"BreadcrumbList","@id":"https:\/\/www.surveyrewards.me\/sk\/#breadcrumb","itemListElement":[{"@type":"ListItem","position":1,"name":"Home","item":"https:\/\/www.surveyrewards.me\/sk\/domov\/"},{"@type":"ListItem","position":2,"name":"Domov"}]},{"@type":"WebSite","@id":"https:\/\/www.surveyrewards.me\/sk\/#website","url":"https:\/\/www.surveyrewards.me\/sk\/","name":"SurveyRewards","description":"Turning your opinions into rewards","publisher":{"@id":"https:\/\/www.surveyrewards.me\/sk\/#organization"},"potentialAction":[{"@type":"SearchAction","target":{"@type":"EntryPoint","urlTemplate":"https:\/\/www.surveyrewards.me\/sk\/?s={search_term_string}"},"query-input":{"@type":"PropertyValueSpecification","valueRequired":true,"valueName":"search_term_string"}}],"inLanguage":"sk-SK"},{"@type":"Organization","@id":"https:\/\/www.surveyrewards.me\/sk\/#organization","name":"SurveyRewards","url":"https:\/\/www.surveyrewards.me\/sk\/","logo":{"@type":"ImageObject","inLanguage":"sk-SK","@id":"https:\/\/www.surveyrewards.me\/sk\/#\/schema\/logo\/image\/","url":"https:\/\/www.surveyrewards.me\/wp-content\/uploads\/2025\/03\/cropped-SR_AltLogo_1-scaled.png","contentUrl":"https:\/\/www.surveyrewards.me\/wp-content\/uploads\/2025\/03\/cropped-SR_AltLogo_1-scaled.png","width":2560,"height":411,"caption":"SurveyRewards"},"image":{"@id":"https:\/\/www.surveyrewards.me\/sk\/#\/schema\/logo\/image\/"},"sameAs":["https:\/\/www.facebook.com\/surveyrewards\/"]}]}},"uagb_featured_image_src":{"full":false,"thumbnail":false,"medium":false,"medium_large":false,"large":false,"1536x1536":false,"2048x2048":false},"uagb_author_info":{"display_name":"aaron.schoepflin","author_link":"https:\/\/www.surveyrewards.me\/sk\/author\/aaron-schoepflin\/"},"uagb_comment_info":0,"uagb_excerpt":"Za\u010dnite zar\u00e1ba\u0165 e\u0161te dnes s SurveyRewards Z\u00edskajte plat za odpovedanie na prieskumy. Kedyko\u013evek. Kdeko\u013evek. Vyjadrite svoj n\u00e1zor. Vypl\u0148te online prieskumy, nech ste kdeko\u013evek. V\u017edy je \u010das zarobi\u0165.","_links":{"self":[{"href":"https:\/\/www.surveyrewards.me\/sk\/wp-json\/wp\/v2\/pages\/5478","targetHints":{"allow":["GET"]}}],"collection":[{"href":"https:\/\/www.surveyrewards.me\/sk\/wp-json\/wp\/v2\/pages"}],"about":[{"href":"https:\/\/www.surveyrewards.me\/sk\/wp-json\/wp\/v2\/types\/page"}],"author":[{"embeddable":true,"href":"https:\/\/www.surveyrewards.me\/sk\/wp-json\/wp\/v2\/users\/1"}],"replies":[{"embeddable":true,"href":"https:\/\/www.surveyrewards.me\/sk\/wp-json\/wp\/v2\/comments?post=5478"}],"version-history":[{"count":1,"href":"https:\/\/www.surveyrewards.me\/sk\/wp-json\/wp\/v2\/pages\/5478\/revisions"}],"predecessor-version":[{"id":5488,"href":"https:\/\/www.surveyrewards.me\/sk\/wp-json\/wp\/v2\/pages\/5478\/revisions\/5488"}],"wp:attachment":[{"href":"https:\/\/www.surveyrewards.me\/sk\/wp-json\/wp\/v2\/media?parent=5478"}],"curies":[{"name":"wp","href":"https:\/\/api.w.org\/{rel}","templated":true}]}}